{"id":425,"date":"2025-01-21T16:34:24","date_gmt":"2025-01-21T16:34:24","guid":{"rendered":"https:\/\/new.steinkjerliftutleie.no\/?page_id=425"},"modified":"2025-01-21T16:38:04","modified_gmt":"2025-01-21T16:38:04","slug":"personvernserklaering","status":"publish","type":"page","link":"https:\/\/slift.no\/index.php\/forsiden\/om-oss\/personvernserklaering\/","title":{"rendered":"Personvernserkl\u00e6ring"},"content":{"rendered":"<h1>Personvernserkl\u00e6ring<\/h1>\n<div>Steinkjer Liftutleie \u00f8nsker at du som bruker skal v\u00e6re trygg p\u00e5 at vi ivaretar ditt personvern og behandler alle personopplysninger i henhold til lovgivningen.<\/div>\n<h2>Personopplysninger<\/h2>\n<div>For \u00e5 bruke nett-bookingtjenesten, m\u00e5 du oppgi navn, adresse, telefonnummer og epost. For \u00e5 registrere en ordre m\u00e5 det n\u00f8dvendigvis ogs\u00e5 bli lagret opplysninger om tidspunkt for utleie og hva slags utstyr som er reservert\/bestilt. Det er 18 \u00e5rs aldersgrense p\u00e5 bruk av tjenesten og du m\u00e5 derfor ogs\u00e5 oppgi ditt f\u00f8dsels\u00e5r.<\/div>\n<div>Ved bruk av tjenesten lagres din ordrehistorikk. Disse personopplysninger brukes for \u00e5 levere tjenesten til deg. Disse personopplysningene oppbevares s\u00e5 lenge du st\u00e5r registrert som bruker hos oss. De personopplysninger vi har registrert er tilgjengelig og kan endres p\u00e5 din side. Du kan ogs\u00e5 kontakte oss og be om at vi fjerner dine personopplysninger eller bli avregistrert fra v\u00e5re systemer. Du vil da ikke lenger kunne bruke tjenesten med mindre du registrer deg p\u00e5 nytt.<\/div>\n<h2>Personopplysninger til tredjepart<\/h2>\n<div>Steinkjer Liftutleie vil ikke selge, bytte, eller videreformidle dine personopplysninger. Nett-bookingen h\u00e5ndteres i et system som leveres av Sharefox AS.<\/div>\n<h2>Bruk av innsamlede opplysninger<\/h2>\n<div>Personopplysningene som samles inn for disse form\u00e5lene inkluderer b\u00e5de opplysninger du selv oppgir (navn, e-postadresse m.m.) og informasjon som samles inn gjennom bruk av tjenesten, som hvilket utstyr du leier og informasjon om posisjon og teknisk informasjon om din enhet og internett-tilkobling. Personopplysningene vil kunne bli supplert med tilgjengelig informasjon fra tredjepartsakt\u00f8rer.<\/div>\n<h2>Informasjonskapsler<\/h2>\n<div>N\u00e5r du bes\u00f8ker v\u00e5r tjeneste bruker vi ulike teknologier for \u00e5 gjenkjenne deg som bruker og samle inn data. Vi bruker eksempelvis informasjonskapsler (cookies) for \u00e5 huske leiedatoer, og utstyr. Informasjonskapsler forenkler bruken av tjeneste og for \u00e5 gi deg relevant informasjon n\u00e5r du bes\u00f8ker nettstedet v\u00e5rt. De brukes ogs\u00e5 til \u00e5 mellomlagre data som tilgjengelige utleiedatoer, priser og lignende.<\/div>\n<div>Gjennom tjenerlogger og andre verkt\u00f8y kan vi registrere informasjon om enheten og tilkoblingen til v\u00e5r tjeneste, herunder operativsystem, nettleserversjon, IP-adresse, informasjonskapsler og unike identifikasjonsfiler. Denne informasjon brukes i anonym og aggregert statistikk, men kan ogs\u00e5 kobles mot din brukerkonto. Informasjonen gj\u00f8r blant annet at vi kan tilpasse visningen av v\u00e5r tjeneste til den enheten du bruker.<\/div>\n<p><!--more--><br \/>\n<!-- {\"type\":\"layout\",\"children\":[{\"type\":\"section\",\"props\":{\"image_position\":\"center-center\",\"style\":\"muted\",\"title_breakpoint\":\"xl\",\"title_position\":\"top-left\",\"title_rotation\":\"left\",\"vertical_align\":\"middle\",\"width\":\"default\"},\"children\":[{\"type\":\"row\",\"children\":[{\"type\":\"column\",\"props\":{\"image_position\":\"center-center\",\"position_sticky_breakpoint\":\"m\"},\"children\":[{\"type\":\"headline\",\"props\":{\"content\":\"Personvernserkl\\u00e6ring\",\"title_element\":\"h1\"}},{\"type\":\"text\",\"props\":{\"column_breakpoint\":\"m\",\"content\":\"Steinkjer Liftutleie \\u00f8nsker at du som bruker skal v\\u00e6re trygg p\\u00e5 at vi ivaretar ditt personvern og behandler alle personopplysninger i henhold til lovgivningen.\",\"margin\":\"default\",\"text_style\":\"large\"}}]}]}]},{\"type\":\"section\",\"props\":{\"image_position\":\"center-center\",\"style\":\"default\",\"title_breakpoint\":\"xl\",\"title_position\":\"top-left\",\"title_rotation\":\"left\",\"vertical_align\":\"middle\",\"width\":\"default\"},\"children\":[{\"type\":\"row\",\"children\":[{\"type\":\"column\",\"props\":{\"image_position\":\"center-center\",\"position_sticky_breakpoint\":\"m\"},\"children\":[{\"type\":\"headline\",\"props\":{\"content\":\"Personopplysninger\",\"title_element\":\"h2\"}}]}]},{\"type\":\"row\",\"props\":{\"layout\":\"1-2,1-2\"},\"children\":[{\"type\":\"column\",\"props\":{\"image_position\":\"center-center\",\"position_sticky_breakpoint\":\"m\",\"width_medium\":\"1-2\"},\"children\":[{\"type\":\"text\",\"props\":{\"column_breakpoint\":\"m\",\"content\":\"For \\u00e5 bruke nett-bookingtjenesten, m\\u00e5 du oppgi navn, adresse, telefonnummer og epost. For \\u00e5 registrere en ordre m\\u00e5 det n\\u00f8dvendigvis ogs\\u00e5 bli lagret opplysninger om tidspunkt for utleie og hva slags utstyr som er reservert\\\/bestilt. Det er 18 \\u00e5rs aldersgrense p\\u00e5 bruk av tjenesten og du m\\u00e5 derfor ogs\\u00e5 oppgi ditt f\\u00f8dsels\\u00e5r.\",\"margin\":\"default\"}}]},{\"type\":\"column\",\"props\":{\"image_position\":\"center-center\",\"position_sticky_breakpoint\":\"m\",\"width_medium\":\"1-2\"},\"children\":[{\"type\":\"text\",\"props\":{\"column_breakpoint\":\"m\",\"content\":\"Ved bruk av tjenesten lagres din ordrehistorikk. Disse personopplysninger brukes for \\u00e5 levere tjenesten til deg. Disse personopplysningene oppbevares s\\u00e5 lenge du st\\u00e5r registrert som bruker hos oss. De personopplysninger vi har registrert er tilgjengelig og kan endres p\\u00e5 din side. Du kan ogs\\u00e5 kontakte oss og be om at vi fjerner dine personopplysninger eller bli avregistrert fra v\\u00e5re systemer. Du vil da ikke lenger kunne bruke tjenesten med mindre du registrer deg p\\u00e5 nytt.\",\"margin\":\"default\"}}]}]}],\"name\":\"Personopplysninger\"},{\"type\":\"section\",\"props\":{\"image_position\":\"center-center\",\"style\":\"default\",\"title_breakpoint\":\"xl\",\"title_position\":\"top-left\",\"title_rotation\":\"left\",\"vertical_align\":\"middle\",\"width\":\"default\"},\"children\":[{\"type\":\"row\",\"children\":[{\"type\":\"column\",\"props\":{\"image_position\":\"center-center\",\"position_sticky_breakpoint\":\"m\"},\"children\":[{\"type\":\"headline\",\"props\":{\"content\":\"Personopplysninger til tredjepart\",\"title_element\":\"h2\"}}]}]},{\"type\":\"row\",\"children\":[{\"type\":\"column\",\"props\":{\"image_position\":\"center-center\",\"position_sticky_breakpoint\":\"m\"},\"children\":[{\"type\":\"text\",\"props\":{\"column_breakpoint\":\"m\",\"content\":\"Steinkjer Liftutleie vil ikke selge, bytte, eller videreformidle dine personopplysninger. Nett-bookingen h\\u00e5ndteres i et system som leveres av Sharefox AS.\",\"margin\":\"default\"}}]}]}],\"name\":\"Personopplysninger til tredjepart\"},{\"type\":\"section\",\"props\":{\"image_position\":\"center-center\",\"style\":\"default\",\"title_breakpoint\":\"xl\",\"title_position\":\"top-left\",\"title_rotation\":\"left\",\"vertical_align\":\"middle\",\"width\":\"default\"},\"children\":[{\"type\":\"row\",\"children\":[{\"type\":\"column\",\"props\":{\"image_position\":\"center-center\",\"position_sticky_breakpoint\":\"m\"},\"children\":[{\"type\":\"headline\",\"props\":{\"content\":\"Bruk av innsamlede opplysninger\",\"title_element\":\"h2\"}}]}]},{\"type\":\"row\",\"children\":[{\"type\":\"column\",\"props\":{\"image_position\":\"center-center\",\"position_sticky_breakpoint\":\"m\"},\"children\":[{\"type\":\"text\",\"props\":{\"column_breakpoint\":\"m\",\"content\":\"Personopplysningene som samles inn for disse form\\u00e5lene inkluderer b\\u00e5de opplysninger du selv oppgir (navn, e-postadresse m.m.) og informasjon som samles inn gjennom bruk av tjenesten, som hvilket utstyr du leier og informasjon om posisjon og teknisk informasjon om din enhet og internett-tilkobling. Personopplysningene vil kunne bli supplert med tilgjengelig informasjon fra tredjepartsakt\\u00f8rer.\",\"margin\":\"default\"}}]}]}],\"name\":\"Bruk av innsamlede opplysninger\"},{\"type\":\"section\",\"props\":{\"image_position\":\"center-center\",\"style\":\"default\",\"title_breakpoint\":\"xl\",\"title_position\":\"top-left\",\"title_rotation\":\"left\",\"vertical_align\":\"middle\",\"width\":\"default\"},\"children\":[{\"type\":\"row\",\"children\":[{\"type\":\"column\",\"props\":{\"image_position\":\"center-center\",\"position_sticky_breakpoint\":\"m\"},\"children\":[{\"type\":\"headline\",\"props\":{\"content\":\"Informasjonskapsler\",\"title_element\":\"h2\"}}]}]},{\"type\":\"row\",\"props\":{\"layout\":\"1-2,1-2\"},\"children\":[{\"type\":\"column\",\"props\":{\"image_position\":\"center-center\",\"position_sticky_breakpoint\":\"m\",\"width_medium\":\"1-2\"},\"children\":[{\"type\":\"text\",\"props\":{\"column_breakpoint\":\"m\",\"content\":\"N\\u00e5r du bes\\u00f8ker v\\u00e5r tjeneste bruker vi ulike teknologier for \\u00e5 gjenkjenne deg som bruker og samle inn data. Vi bruker eksempelvis informasjonskapsler (cookies) for \\u00e5 huske leiedatoer, og utstyr. Informasjonskapsler forenkler bruken av tjeneste og for \\u00e5 gi deg relevant informasjon n\\u00e5r du bes\\u00f8ker nettstedet v\\u00e5rt. De brukes ogs\\u00e5 til \\u00e5 mellomlagre data som tilgjengelige utleiedatoer, priser og lignende.\",\"margin\":\"default\"}}]},{\"type\":\"column\",\"props\":{\"image_position\":\"center-center\",\"position_sticky_breakpoint\":\"m\",\"width_medium\":\"1-2\"},\"children\":[{\"type\":\"text\",\"props\":{\"column_breakpoint\":\"m\",\"content\":\"Gjennom tjenerlogger og andre verkt\\u00f8y kan vi registrere informasjon om enheten og tilkoblingen til v\\u00e5r tjeneste, herunder operativsystem, nettleserversjon, IP-adresse, informasjonskapsler og unike identifikasjonsfiler. Denne informasjon brukes i anonym og aggregert statistikk, men kan ogs\\u00e5 kobles mot din brukerkonto. Informasjonen gj\\u00f8r blant annet at vi kan tilpasse visningen av v\\u00e5r tjeneste til den enheten du bruker.\",\"margin\":\"default\"}}]}]}],\"name\":\"Informasjonskapsler\"}],\"version\":\"4.5.0\"} --><\/p>\n","protected":false},"excerpt":{"rendered":"<p>Personvernserkl\u00e6ring Steinkjer Liftutleie \u00f8nsker at du som bruker skal v\u00e6re trygg p\u00e5 at vi ivaretar ditt personvern og behandler alle personopplysninger i henhold til lovgivningen. Personopplysninger For \u00e5 bruke nett-bookingtjenesten, m\u00e5 du oppgi navn, adresse, telefonnummer og epost. For \u00e5 registrere en ordre m\u00e5 det n\u00f8dvendigvis ogs\u00e5 bli lagret opplysninger om tidspunkt for utleie og [&hellip;]<\/p>\n","protected":false},"author":1,"featured_media":0,"parent":14,"menu_order":0,"comment_status":"closed","ping_status":"closed","template":"","meta":{"footnotes":""},"class_list":["post-425","page","type-page","status-publish","hentry"],"_links":{"self":[{"href":"https:\/\/slift.no\/index.php\/wp-json\/wp\/v2\/pages\/425","targetHints":{"allow":["GET"]}}],"collection":[{"href":"https:\/\/slift.no\/index.php\/wp-json\/wp\/v2\/pages"}],"about":[{"href":"https:\/\/slift.no\/index.php\/wp-json\/wp\/v2\/types\/page"}],"author":[{"embeddable":true,"href":"https:\/\/slift.no\/index.php\/wp-json\/wp\/v2\/users\/1"}],"replies":[{"embeddable":true,"href":"https:\/\/slift.no\/index.php\/wp-json\/wp\/v2\/comments?post=425"}],"version-history":[{"count":9,"href":"https:\/\/slift.no\/index.php\/wp-json\/wp\/v2\/pages\/425\/revisions"}],"predecessor-version":[{"id":434,"href":"https:\/\/slift.no\/index.php\/wp-json\/wp\/v2\/pages\/425\/revisions\/434"}],"up":[{"embeddable":true,"href":"https:\/\/slift.no\/index.php\/wp-json\/wp\/v2\/pages\/14"}],"wp:attachment":[{"href":"https:\/\/slift.no\/index.php\/wp-json\/wp\/v2\/media?parent=425"}],"curies":[{"name":"wp","href":"https:\/\/api.w.org\/{rel}","templated":true}]}}